{"id":1499,"date":"2024-09-05T08:01:37","date_gmt":"2024-09-05T08:01:37","guid":{"rendered":"https:\/\/ankaradokumsanayi.com\/?page_id=1499"},"modified":"2026-04-14T12:58:59","modified_gmt":"2026-04-14T12:58:59","slug":"bordur-tipi-yagmur-suyu-izgarasi","status":"publish","type":"page","link":"https:\/\/ankaradokumsanayi.com\/index.php\/bordur-tipi-yagmur-suyu-izgarasi\/","title":{"rendered":"Bord\u00fcr Tipi Ya\u011fmur Suyu Izgaras\u0131"},"content":{"rendered":"<style>.elementor-1499 .elementor-element.elementor-element-a7745e1{--display:flex;--min-height:0vh;--flex-direction:row;--container-widget-width:calc( ( 1 - var( --container-widget-flex-grow ) ) * 100% );--container-widget-height:100%;--container-widget-flex-grow:1;--container-widget-align-self:stretch;--flex-wrap-mobile:wrap;--justify-content:center;--align-items:flex-start;--gap:0px 0px;--row-gap:0px;--column-gap:0px;--flex-wrap:wrap;--align-content:flex-start;--overlay-opacity:0.05;--overlay-mix-blend-mode:saturation;--margin-top:100px;--margin-bottom:0px;--margin-left:0px;--margin-right:0px;}.elementor-1499 .elementor-element.elementor-element-a7745e1::before, .elementor-1499 .elementor-element.elementor-element-a7745e1 > .elementor-background-video-container::before, .elementor-1499 .elementor-element.elementor-element-a7745e1 > .e-con-inner > .elementor-background-video-container::before, .elementor-1499 .elementor-element.elementor-element-a7745e1 > .elementor-background-slideshow::before, .elementor-1499 .elementor-element.elementor-element-a7745e1 > .e-con-inner > .elementor-background-slideshow::before, .elementor-1499 .elementor-element.elementor-element-a7745e1 > .elementor-motion-effects-container > .elementor-motion-effects-layer::before{background-color:transparent;--background-overlay:'';background-image:linear-gradient(353deg, #FFFFFF1A 0%, #FFFFFF1A 100%);}.elementor-1499 .elementor-element.elementor-element-a7745e1.e-con{--align-self:flex-start;}.elementor-1499 .elementor-element.elementor-element-93d9a11{--display:flex;--min-height:0vh;--flex-direction:column;--container-widget-width:calc( ( 1 - var( --container-widget-flex-grow ) ) * 100% );--container-widget-height:initial;--container-widget-flex-grow:0;--container-widget-align-self:initial;--flex-wrap-mobile:wrap;--justify-content:center;--align-items:center;--gap:1px 1px;--row-gap:1px;--column-gap:1px;--background-transition:0.7s;--overlay-opacity:0.5;border-style:none;--border-style:none;--border-radius:0px 0px 0px 0px;}.elementor-1499 .elementor-element.elementor-element-93d9a11::before, .elementor-1499 .elementor-element.elementor-element-93d9a11 > .elementor-background-video-container::before, .elementor-1499 .elementor-element.elementor-element-93d9a11 > .e-con-inner > .elementor-background-video-container::before, .elementor-1499 .elementor-element.elementor-element-93d9a11 > .elementor-background-slideshow::before, .elementor-1499 .elementor-element.elementor-element-93d9a11 > .e-con-inner > .elementor-background-slideshow::before, .elementor-1499 .elementor-element.elementor-element-93d9a11 > .elementor-motion-effects-container > .elementor-motion-effects-layer::before{--background-overlay:'';}.elementor-1499 .elementor-element.elementor-element-f9643a1.elementor-element{--align-self:center;}.elementor-1499 .elementor-element.elementor-element-f9643a1{border-style:none;text-align:center;}.elementor-1499 .elementor-element.elementor-element-f9643a1 img{width:80%;max-width:100%;opacity:1;filter:brightness( 100% ) contrast( 150% ) saturate( 100% ) blur( 0px ) hue-rotate( 0deg );transition-duration:0s;border-style:none;border-radius:50px 50px 50px 50px;box-shadow:0px 0px 0px 0px rgba(0,0,0,0.5);}.elementor-1499 .elementor-element.elementor-element-f9643a1:hover img{opacity:1;filter:brightness( 94% ) contrast( 200% ) saturate( 0% ) blur( 0px ) hue-rotate( 301deg );}.elementor-1499 .elementor-element.elementor-element-01f912e{width:var( --container-widget-width, 75% );max-width:75%;margin:-35px 0px calc(var(--kit-widget-spacing, 0px) + 0px) 0px;--container-widget-width:75%;--container-widget-flex-grow:0;text-align:center;}.elementor-1499 .elementor-element.elementor-element-01f912e.elementor-element{--align-self:center;}.elementor-1499 .elementor-element.elementor-element-01f912e .elementor-heading-title{font-family:\"Alata\", Sans-serif;font-size:30px;font-weight:500;}.elementor-1499 .elementor-element.elementor-element-4fdc5d7{--display:flex;--min-height:0vh;--flex-direction:column;--container-widget-width:calc( ( 1 - var( --container-widget-flex-grow ) ) * 100% );--container-widget-height:initial;--container-widget-flex-grow:0;--container-widget-align-self:initial;--flex-wrap-mobile:wrap;--justify-content:center;--align-items:center;--gap:1px 1px;--row-gap:1px;--column-gap:1px;}.elementor-1499 .elementor-element.elementor-element-6ca5fe4.elementor-element{--order:-99999 \/* order start hack *\/;}.elementor-1499 .elementor-element.elementor-element-6ca5fe4{text-align:center;}.elementor-1499 .elementor-element.elementor-element-6ca5fe4 img{width:80%;filter:brightness( 100% ) contrast( 150% ) saturate( 100% ) blur( 0px ) hue-rotate( 0deg );}.elementor-1499 .elementor-element.elementor-element-6ca5fe4:hover img{opacity:1;filter:brightness( 94% ) contrast( 200% ) saturate( 0% ) blur( 0px ) hue-rotate( 301deg );}.elementor-1499 .elementor-element.elementor-element-ba8bf69{width:var( --container-widget-width, 75% );max-width:75%;margin:-35px 0px calc(var(--kit-widget-spacing, 0px) + 0px) 0px;--container-widget-width:75%;--container-widget-flex-grow:0;text-align:center;}.elementor-1499 .elementor-element.elementor-element-ba8bf69 .elementor-heading-title{font-family:\"Alata\", Sans-serif;font-size:30px;font-weight:500;}.elementor-1499 .elementor-element.elementor-element-436461e{--display:flex;--min-height:0vh;--flex-direction:column;--container-widget-width:calc( ( 1 - var( --container-widget-flex-grow ) ) * 100% );--container-widget-height:initial;--container-widget-flex-grow:0;--container-widget-align-self:initial;--flex-wrap-mobile:wrap;--justify-content:center;--align-items:center;--gap:1px 1px;--row-gap:1px;--column-gap:1px;}.elementor-1499 .elementor-element.elementor-element-f9c6672{text-align:center;}.elementor-1499 .elementor-element.elementor-element-f9c6672 img{width:80%;opacity:1;filter:brightness( 100% ) contrast( 150% ) saturate( 100% ) blur( 0px ) hue-rotate( 0deg );}.elementor-1499 .elementor-element.elementor-element-f9c6672:hover img{opacity:1;filter:brightness( 100% ) contrast( 199% ) saturate( 100% ) blur( 0px ) hue-rotate( 0deg );}.elementor-1499 .elementor-element.elementor-element-145edb7{width:var( --container-widget-width, 75% );max-width:75%;margin:-35px 0px calc(var(--kit-widget-spacing, 0px) + 0px) 0px;--container-widget-width:75%;--container-widget-flex-grow:0;text-align:center;}.elementor-1499 .elementor-element.elementor-element-145edb7 .elementor-heading-title{font-family:\"Alata\", Sans-serif;font-size:30px;font-weight:500;}.elementor-1499 .elementor-element.elementor-element-285f2f2{--display:flex;--min-height:0vh;--flex-direction:column;--container-widget-width:calc( ( 1 - var( --container-widget-flex-grow ) ) * 100% );--container-widget-height:initial;--container-widget-flex-grow:0;--container-widget-align-self:initial;--flex-wrap-mobile:wrap;--justify-content:center;--align-items:center;--gap:1px 1px;--row-gap:1px;--column-gap:1px;}.elementor-1499 .elementor-element.elementor-element-65d8186{margin:0px 0px calc(var(--kit-widget-spacing, 0px) + 0px) 0px;padding:0px 0px 0px 0px;}.elementor-1499 .elementor-element.elementor-element-65d8186.elementor-element{--align-self:center;}.elementor-1499 .elementor-element.elementor-element-65d8186 img{width:80%;opacity:1;filter:brightness( 100% ) contrast( 250% ) saturate( 100% ) blur( 0px ) hue-rotate( 0deg );}.elementor-1499 .elementor-element.elementor-element-65d8186:hover img{opacity:1;filter:brightness( 100% ) contrast( 150% ) saturate( 100% ) blur( 0px ) hue-rotate( 0deg );}.elementor-1499 .elementor-element.elementor-element-27e6501{width:var( --container-widget-width, 50% );max-width:50%;margin:-35px 0px calc(var(--kit-widget-spacing, 0px) + 0px) 0px;--container-widget-width:50%;--container-widget-flex-grow:0;text-align:center;}.elementor-1499 .elementor-element.elementor-element-27e6501 .elementor-heading-title{font-family:\"Alata\", Sans-serif;font-size:30px;font-weight:500;}.elementor-1499 .elementor-element.elementor-element-86f11b7{width:100%;max-width:100%;text-align:center;}.elementor-1499 .elementor-element.elementor-element-86f11b7.elementor-element{--order:-99999 \/* order start hack *\/;}.elementor-1499 .elementor-element.elementor-element-86f11b7 .elementor-heading-title{font-family:\"Alata\", Sans-serif;font-size:40px;font-weight:300;color:var( --e-global-color-astglobalcolor2 );}.elementor-1499 .elementor-element.elementor-element-a321927{width:100%;max-width:100%;margin:0px 180px calc(var(--kit-widget-spacing, 0px) + 0px) 180px;padding:0px 0px 0px 0px;text-align:center;font-family:\"Alata\", Sans-serif;font-size:13px;font-weight:300;color:var( --e-global-color-text );}.elementor-1499 .elementor-element.elementor-element-a321927.elementor-element{--order:-99999 \/* order start hack *\/;}:root{--page-title-display:none;}@media(max-width:1024px){.elementor-1499 .elementor-element.elementor-element-a321927{margin:0px 0px calc(var(--kit-widget-spacing, 0px) + 0px) 0px;}}@media(max-width:767px){.elementor-1499 .elementor-element.elementor-element-a7745e1{--gap:0px 0px;--row-gap:0px;--column-gap:0px;}.elementor-1499 .elementor-element.elementor-element-01f912e{width:100%;max-width:100%;}.elementor-1499 .elementor-element.elementor-element-4fdc5d7{--margin-top:0px;--margin-bottom:0px;--margin-left:0px;--margin-right:0px;--padding-top:0px;--padding-bottom:0px;--padding-left:0px;--padding-right:0px;}.elementor-1499 .elementor-element.elementor-element-6ca5fe4{margin:0px 0px calc(var(--kit-widget-spacing, 0px) + 0px) 0px;padding:0px 0px 0px 0px;}.elementor-1499 .elementor-element.elementor-element-ba8bf69{width:100%;max-width:100%;}.elementor-1499 .elementor-element.elementor-element-145edb7{width:100%;max-width:100%;}.elementor-1499 .elementor-element.elementor-element-27e6501{width:100%;max-width:100%;}}@media(min-width:768px){.elementor-1499 .elementor-element.elementor-element-93d9a11{--width:33.3333%;}.elementor-1499 .elementor-element.elementor-element-4fdc5d7{--width:33.3333%;}.elementor-1499 .elementor-element.elementor-element-436461e{--width:33.3333%;}.elementor-1499 .elementor-element.elementor-element-285f2f2{--width:33.3333%;}}<\/style>\t\t<div data-elementor-type=\"wp-page\" data-elementor-id=\"1499\" class=\"elementor elementor-1499\">\n\t\t\t\t<div class=\"elementor-element elementor-element-a7745e1 e-con-full e-flex e-con e-parent\" data-id=\"a7745e1\" data-element_type=\"container\" data-settings=\"{&quot;background_background&quot;:&quot;classic&quot;}\">\n\t\t<div class=\"elementor-element elementor-element-93d9a11 e-con-full e-flex e-con e-child\" data-id=\"93d9a11\" data-element_type=\"container\">\n\t\t\t\t<div class=\"elementor-element elementor-element-f9643a1 animated-slow elementor-invisible elementor-widget elementor-widget-image\" data-id=\"f9643a1\" data-element_type=\"widget\" data-settings=\"{&quot;_animation&quot;:&quot;fadeIn&quot;}\" data-widget_type=\"image.default\">\n\t\t\t\t\t\t\t\t\t\t\t\t\t\t\t\t<a href=\"https:\/\/ankaradokumsanayi.com\/index.php\/bordur-tipi-yagmur-suyu-izgarasi-2430\/\">\n\t\t\t\t\t\t\t<img fetchpriority=\"high\" decoding=\"async\" width=\"300\" height=\"300\" src=\"https:\/\/ankaradokumsanayi.com\/wp-content\/uploads\/2024\/09\/101_0-2-300x300.png\" class=\"elementor-animation-bob attachment-woocommerce_thumbnail size-woocommerce_thumbnail wp-image-2027\" alt=\"\" srcset=\"https:\/\/ankaradokumsanayi.com\/wp-content\/uploads\/2024\/09\/101_0-2-300x300.png 300w, https:\/\/ankaradokumsanayi.com\/wp-content\/uploads\/2024\/09\/101_0-2-100x100.png 100w, https:\/\/ankaradokumsanayi.com\/wp-content\/uploads\/2024\/09\/101_0-2-150x150.png 150w, https:\/\/ankaradokumsanayi.com\/wp-content\/uploads\/2024\/09\/101_0-2-768x768.png 768w, https:\/\/ankaradokumsanayi.com\/wp-content\/uploads\/2024\/09\/101_0-2.png 800w\" sizes=\"(max-width: 300px) 100vw, 300px\" \/>\t\t\t\t\t\t\t\t<\/a>\n\t\t\t\t\t\t\t\t\t\t\t\t\t\t\t<\/div>\n\t\t\t\t<div class=\"elementor-element elementor-element-01f912e elementor-widget__width-initial elementor-widget-mobile__width-inherit elementor-widget elementor-widget-heading\" data-id=\"01f912e\" data-element_type=\"widget\" data-widget_type=\"heading.default\">\n\t\t\t\t\t<h2 class=\"elementor-heading-title elementor-size-default\"><a href=\"https:\/\/ankaradokumsanayi.com\/index.php\/bordur-tipi-yagmur-suyu-izgarasi-2430\/\">D400 Bord\u00fcr Tipi Ya\u011fmur Suyu Izgaras\u0131 2430\n<\/a><\/h2>\t\t\t\t<\/div>\n\t\t\t\t<\/div>\n\t\t<div class=\"elementor-element elementor-element-4fdc5d7 e-con-full e-flex e-con e-child\" data-id=\"4fdc5d7\" data-element_type=\"container\">\n\t\t\t\t<div class=\"elementor-element elementor-element-6ca5fe4 animated-slow elementor-invisible elementor-widget elementor-widget-image\" data-id=\"6ca5fe4\" data-element_type=\"widget\" data-settings=\"{&quot;_animation&quot;:&quot;fadeIn&quot;}\" data-widget_type=\"image.default\">\n\t\t\t\t\t\t\t\t\t\t\t\t\t\t\t\t<a href=\"https:\/\/ankaradokumsanayi.com\/index.php\/bordur-tipi-yagmur-suyu-izgarasi-2440\/\">\n\t\t\t\t\t\t\t<img decoding=\"async\" width=\"300\" height=\"300\" data-src=\"https:\/\/ankaradokumsanayi.com\/wp-content\/uploads\/2024\/09\/102_0-1-300x300.png\" class=\"elementor-animation-bob attachment-woocommerce_thumbnail size-woocommerce_thumbnail wp-image-2032 lazyload\" alt=\"\" data-srcset=\"https:\/\/ankaradokumsanayi.com\/wp-content\/uploads\/2024\/09\/102_0-1-300x300.png 300w, https:\/\/ankaradokumsanayi.com\/wp-content\/uploads\/2024\/09\/102_0-1-100x100.png 100w, https:\/\/ankaradokumsanayi.com\/wp-content\/uploads\/2024\/09\/102_0-1-150x150.png 150w, https:\/\/ankaradokumsanayi.com\/wp-content\/uploads\/2024\/09\/102_0-1-768x768.png 768w, https:\/\/ankaradokumsanayi.com\/wp-content\/uploads\/2024\/09\/102_0-1.png 800w\" data-sizes=\"(max-width: 300px) 100vw, 300px\" src=\"data:image\/svg+xml;base64,PHN2ZyB3aWR0aD0iMSIgaGVpZ2h0PSIxIiB4bWxucz0iaHR0cDovL3d3dy53My5vcmcvMjAwMC9zdmciPjwvc3ZnPg==\" style=\"--smush-placeholder-width: 300px; --smush-placeholder-aspect-ratio: 300\/300;\" \/>\t\t\t\t\t\t\t\t<\/a>\n\t\t\t\t\t\t\t\t\t\t\t\t\t\t\t<\/div>\n\t\t\t\t<div class=\"elementor-element elementor-element-ba8bf69 elementor-widget__width-initial elementor-widget-mobile__width-inherit elementor-widget elementor-widget-heading\" data-id=\"ba8bf69\" data-element_type=\"widget\" data-widget_type=\"heading.default\">\n\t\t\t\t\t<h2 class=\"elementor-heading-title elementor-size-default\"><a href=\"https:\/\/ankaradokumsanayi.com\/index.php\/bordur-tipi-yagmur-suyu-izgarasi-2440\/\">C250 Bord\u00fcr Tipi Ya\u011fmur Suyu Izgaras\u0131 2440\n<\/a><\/h2>\t\t\t\t<\/div>\n\t\t\t\t<\/div>\n\t\t<div class=\"elementor-element elementor-element-436461e e-con-full e-flex e-con e-child\" data-id=\"436461e\" data-element_type=\"container\">\n\t\t\t\t<div class=\"elementor-element elementor-element-f9c6672 animated-slow elementor-invisible elementor-widget elementor-widget-image\" data-id=\"f9c6672\" data-element_type=\"widget\" data-settings=\"{&quot;_animation&quot;:&quot;fadeIn&quot;}\" data-widget_type=\"image.default\">\n\t\t\t\t\t\t\t\t\t\t\t\t\t\t\t\t<a href=\"https:\/\/ankaradokumsanayi.com\/index.php\/bordur-tipi-yagmur-suyu-izgarasi-2471\/\">\n\t\t\t\t\t\t\t<img decoding=\"async\" width=\"300\" height=\"300\" data-src=\"https:\/\/ankaradokumsanayi.com\/wp-content\/uploads\/2024\/09\/103_0-1-300x300.png\" class=\"elementor-animation-bob attachment-woocommerce_thumbnail size-woocommerce_thumbnail wp-image-2041 lazyload\" alt=\"\" data-srcset=\"https:\/\/ankaradokumsanayi.com\/wp-content\/uploads\/2024\/09\/103_0-1-300x300.png 300w, https:\/\/ankaradokumsanayi.com\/wp-content\/uploads\/2024\/09\/103_0-1-100x100.png 100w, https:\/\/ankaradokumsanayi.com\/wp-content\/uploads\/2024\/09\/103_0-1-150x150.png 150w, https:\/\/ankaradokumsanayi.com\/wp-content\/uploads\/2024\/09\/103_0-1-768x768.png 768w, https:\/\/ankaradokumsanayi.com\/wp-content\/uploads\/2024\/09\/103_0-1.png 800w\" data-sizes=\"(max-width: 300px) 100vw, 300px\" src=\"data:image\/svg+xml;base64,PHN2ZyB3aWR0aD0iMSIgaGVpZ2h0PSIxIiB4bWxucz0iaHR0cDovL3d3dy53My5vcmcvMjAwMC9zdmciPjwvc3ZnPg==\" style=\"--smush-placeholder-width: 300px; --smush-placeholder-aspect-ratio: 300\/300;\" \/>\t\t\t\t\t\t\t\t<\/a>\n\t\t\t\t\t\t\t\t\t\t\t\t\t\t\t<\/div>\n\t\t\t\t<div class=\"elementor-element elementor-element-145edb7 elementor-widget__width-initial elementor-widget-mobile__width-inherit elementor-widget elementor-widget-heading\" data-id=\"145edb7\" data-element_type=\"widget\" data-widget_type=\"heading.default\">\n\t\t\t\t\t<h2 class=\"elementor-heading-title elementor-size-default\"><a href=\"https:\/\/ankaradokumsanayi.com\/index.php\/bordur-tipi-yagmur-suyu-izgarasi-2471\/\">Bord\u00fcr Tipi Ya\u011fmur Suyu Izgaras\u0131 2471\n<\/a><\/h2>\t\t\t\t<\/div>\n\t\t\t\t<\/div>\n\t\t<div class=\"elementor-element elementor-element-285f2f2 e-con-full e-flex e-con e-child\" data-id=\"285f2f2\" data-element_type=\"container\">\n\t\t\t\t<div class=\"elementor-element elementor-element-65d8186 animated-slow elementor-invisible elementor-widget elementor-widget-image\" data-id=\"65d8186\" data-element_type=\"widget\" data-settings=\"{&quot;_animation&quot;:&quot;fadeIn&quot;}\" data-widget_type=\"image.default\">\n\t\t\t\t\t\t\t\t\t\t\t\t\t\t\t\t<a href=\"https:\/\/ankaradokumsanayi.com\/index.php\/bordur-tipi-yagmur-suyu-izgarasi-2472\/\">\n\t\t\t\t\t\t\t<img decoding=\"async\" width=\"300\" height=\"300\" data-src=\"https:\/\/ankaradokumsanayi.com\/wp-content\/uploads\/2024\/09\/104_0-1-300x300.png\" class=\"elementor-animation-bob attachment-woocommerce_thumbnail size-woocommerce_thumbnail wp-image-2048 lazyload\" alt=\"\" data-srcset=\"https:\/\/ankaradokumsanayi.com\/wp-content\/uploads\/2024\/09\/104_0-1-300x300.png 300w, https:\/\/ankaradokumsanayi.com\/wp-content\/uploads\/2024\/09\/104_0-1-100x100.png 100w, https:\/\/ankaradokumsanayi.com\/wp-content\/uploads\/2024\/09\/104_0-1-150x150.png 150w, https:\/\/ankaradokumsanayi.com\/wp-content\/uploads\/2024\/09\/104_0-1-768x768.png 768w, https:\/\/ankaradokumsanayi.com\/wp-content\/uploads\/2024\/09\/104_0-1.png 800w\" data-sizes=\"(max-width: 300px) 100vw, 300px\" src=\"data:image\/svg+xml;base64,PHN2ZyB3aWR0aD0iMSIgaGVpZ2h0PSIxIiB4bWxucz0iaHR0cDovL3d3dy53My5vcmcvMjAwMC9zdmciPjwvc3ZnPg==\" style=\"--smush-placeholder-width: 300px; --smush-placeholder-aspect-ratio: 300\/300;\" \/>\t\t\t\t\t\t\t\t<\/a>\n\t\t\t\t\t\t\t\t\t\t\t\t\t\t\t<\/div>\n\t\t\t\t<div class=\"elementor-element elementor-element-27e6501 elementor-widget__width-initial elementor-widget-mobile__width-inherit elementor-widget elementor-widget-heading\" data-id=\"27e6501\" data-element_type=\"widget\" data-widget_type=\"heading.default\">\n\t\t\t\t\t<h2 class=\"elementor-heading-title elementor-size-default\"><a href=\"https:\/\/ankaradokumsanayi.com\/index.php\/bordur-tipi-yagmur-suyu-izgarasi-2472\/\">Bord\u00fcr Tipi Ya\u011fmur Suyu Izgaras\u0131 2472\n<\/a><\/h2>\t\t\t\t<\/div>\n\t\t\t\t<\/div>\n\t\t\t\t<div class=\"elementor-element elementor-element-86f11b7 elementor-widget__width-inherit elementor-invisible elementor-widget elementor-widget-heading\" data-id=\"86f11b7\" data-element_type=\"widget\" data-settings=\"{&quot;_animation&quot;:&quot;fadeIn&quot;}\" data-widget_type=\"heading.default\">\n\t\t\t\t\t<h2 class=\"elementor-heading-title elementor-size-default\">Bord\u00fcr Tipi Ya\u011fmur Suyu Izgaralar\u0131<\/h2>\t\t\t\t<\/div>\n\t\t\t\t<div class=\"elementor-element elementor-element-a321927 elementor-widget__width-inherit elementor-invisible elementor-widget elementor-widget-text-editor\" data-id=\"a321927\" data-element_type=\"widget\" data-settings=\"{&quot;_animation&quot;:&quot;fadeIn&quot;}\" data-widget_type=\"text-editor.default\">\n\t\t\t\t\t\t\t\t\t<p>Ankara D\u00f6k\u00fcm, bord\u00fcr tipi ya\u011fmur suyu \u0131zgaralar\u0131 ile estetik ve fonksiyonelli\u011fi bir araya getiriyor. Bu \u0131zgaralar, \u00f6zellikle yol kenarlar\u0131nda suyun etkin bir \u015fekilde tahliye edilmesini sa\u011flar. Dayan\u0131kl\u0131 malzemelerden \u00fcretilen bord\u00fcr tipi \u0131zgaralar, uzun \u00f6m\u00fcrl\u00fc ve \u00e7evre ko\u015fullar\u0131na dayan\u0131kl\u0131d\u0131r, ayn\u0131 zamanda altyap\u0131 projelerine modern ve g\u00fcvenilir bir \u00e7\u00f6z\u00fcm sunar.<\/p>\t\t\t\t\t\t\t\t<\/div>\n\t\t\t\t<\/div>\n\t\t\t\t<\/div>\n\t\t","protected":false},"excerpt":{"rendered":"<p>D400 Bord\u00fcr Tipi Ya\u011fmur Suyu Izgaras\u0131 2430 C250 Bord\u00fcr Tipi Ya\u011fmur Suyu Izgaras\u0131 2440 Bord\u00fcr Tipi Ya\u011fmur Suyu Izgaras\u0131 2471 [&hellip;]<\/p>\n","protected":false},"author":1,"featured_media":0,"parent":0,"menu_order":0,"comment_status":"closed","ping_status":"closed","template":"","meta":{"site-sidebar-layout":"no-sidebar","site-content-layout":"","ast-site-content-layout":"full-width-container","site-content-style":"default","site-sidebar-style":"default","ast-global-header-display":"","ast-banner-title-visibility":"","ast-main-header-display":"","ast-hfb-above-header-display":"","ast-hfb-below-header-display":"","ast-hfb-mobile-header-display":"","site-post-title":"disabled","ast-breadcrumbs-content":"","ast-featured-img":"disabled","footer-sml-layout":"","ast-disable-related-posts":"","theme-transparent-header-meta":"","adv-header-id-meta":"","stick-header-meta":"","header-above-stick-meta":"","header-main-stick-meta":"","header-below-stick-meta":"","astra-migrate-meta-layouts":"default","ast-page-background-enabled":"default","ast-page-background-meta":{"desktop":{"background-color":"var(--ast-global-color-4)","background-image":"","background-repeat":"repeat","background-position":"center center","background-size":"auto","background-attachment":"scroll","background-type":"","background-media":"","overlay-type":"","overlay-color":"","overlay-opacity":"","overlay-gradient":""},"tablet":{"background-color":"","background-image":"","background-repeat":"repeat","background-position":"center center","background-size":"auto","background-attachment":"scroll","background-type":"","background-media":"","overlay-type":"","overlay-color":"","overlay-opacity":"","overlay-gradient":""},"mobile":{"background-color":"","background-image":"","background-repeat":"repeat","background-position":"center center","background-size":"auto","background-attachment":"scroll","background-type":"","background-media":"","overlay-type":"","overlay-color":"","overlay-opacity":"","overlay-gradient":""}},"ast-content-background-meta":{"desktop":{"background-color":"var(--ast-global-color-5)","background-image":"","background-repeat":"repeat","background-position":"center center","background-size":"auto","background-attachment":"scroll","background-type":"","background-media":"","overlay-type":"","overlay-color":"","overlay-opacity":"","overlay-gradient":""},"tablet":{"background-color":"var(--ast-global-color-5)","background-image":"","background-repeat":"repeat","background-position":"center center","background-size":"auto","background-attachment":"scroll","background-type":"","background-media":"","overlay-type":"","overlay-color":"","overlay-opacity":"","overlay-gradient":""},"mobile":{"background-color":"var(--ast-global-color-5)","background-image":"","background-repeat":"repeat","background-position":"center center","background-size":"auto","background-attachment":"scroll","background-type":"","background-media":"","overlay-type":"","overlay-color":"","overlay-opacity":"","overlay-gradient":""}},"footnotes":""},"class_list":["post-1499","page","type-page","status-publish","hentry"],"_links":{"self":[{"href":"https:\/\/ankaradokumsanayi.com\/index.php\/wp-json\/wp\/v2\/pages\/1499","targetHints":{"allow":["GET"]}}],"collection":[{"href":"https:\/\/ankaradokumsanayi.com\/index.php\/wp-json\/wp\/v2\/pages"}],"about":[{"href":"https:\/\/ankaradokumsanayi.com\/index.php\/wp-json\/wp\/v2\/types\/page"}],"author":[{"embeddable":true,"href":"https:\/\/ankaradokumsanayi.com\/index.php\/wp-json\/wp\/v2\/users\/1"}],"replies":[{"embeddable":true,"href":"https:\/\/ankaradokumsanayi.com\/index.php\/wp-json\/wp\/v2\/comments?post=1499"}],"version-history":[{"count":0,"href":"https:\/\/ankaradokumsanayi.com\/index.php\/wp-json\/wp\/v2\/pages\/1499\/revisions"}],"wp:attachment":[{"href":"https:\/\/ankaradokumsanayi.com\/index.php\/wp-json\/wp\/v2\/media?parent=1499"}],"curies":[{"name":"wp","href":"https:\/\/api.w.org\/{rel}","templated":true}]}}