{"id":1517,"date":"2024-09-05T08:14:47","date_gmt":"2024-09-05T08:14:47","guid":{"rendered":"https:\/\/ankaradokumsanayi.com\/?page_id=1517"},"modified":"2026-04-14T13:00:50","modified_gmt":"2026-04-14T13:00:50","slug":"busakle","status":"publish","type":"page","link":"https:\/\/ankaradokumsanayi.com\/index.php\/busakle\/","title":{"rendered":"Bu\u015fakle"},"content":{"rendered":"<style>.elementor-1517 .elementor-element.elementor-element-2ff4fc4{--display:flex;--min-height:75vh;--flex-direction:row;--container-widget-width:calc( ( 1 - var( --container-widget-flex-grow ) ) * 100% );--container-widget-height:100%;--container-widget-flex-grow:1;--container-widget-align-self:stretch;--flex-wrap-mobile:wrap;--justify-content:center;--align-items:flex-start;--gap:0px 0px;--row-gap:0px;--column-gap:0px;--flex-wrap:wrap;--align-content:flex-start;--overlay-opacity:0.05;--overlay-mix-blend-mode:saturation;--margin-top:100px;--margin-bottom:0px;--margin-left:0px;--margin-right:0px;}.elementor-1517 .elementor-element.elementor-element-2ff4fc4::before, .elementor-1517 .elementor-element.elementor-element-2ff4fc4 > .elementor-background-video-container::before, .elementor-1517 .elementor-element.elementor-element-2ff4fc4 > .e-con-inner > .elementor-background-video-container::before, .elementor-1517 .elementor-element.elementor-element-2ff4fc4 > .elementor-background-slideshow::before, .elementor-1517 .elementor-element.elementor-element-2ff4fc4 > .e-con-inner > .elementor-background-slideshow::before, .elementor-1517 .elementor-element.elementor-element-2ff4fc4 > .elementor-motion-effects-container > .elementor-motion-effects-layer::before{background-color:transparent;--background-overlay:'';background-image:linear-gradient(353deg, #FFFFFF1A 0%, #FFFFFF1A 100%);}.elementor-1517 .elementor-element.elementor-element-2ff4fc4.e-con{--align-self:flex-start;}.elementor-1517 .elementor-element.elementor-element-ed104a9{--display:flex;--min-height:50vh;--flex-direction:column;--container-widget-width:calc( ( 1 - var( --container-widget-flex-grow ) ) * 100% );--container-widget-height:initial;--container-widget-flex-grow:0;--container-widget-align-self:initial;--flex-wrap-mobile:wrap;--justify-content:center;--align-items:center;--gap:1px 1px;--row-gap:1px;--column-gap:1px;--background-transition:0.7s;--overlay-opacity:0.5;border-style:none;--border-style:none;--border-radius:0px 0px 0px 0px;}.elementor-1517 .elementor-element.elementor-element-ed104a9::before, .elementor-1517 .elementor-element.elementor-element-ed104a9 > .elementor-background-video-container::before, .elementor-1517 .elementor-element.elementor-element-ed104a9 > .e-con-inner > .elementor-background-video-container::before, .elementor-1517 .elementor-element.elementor-element-ed104a9 > .elementor-background-slideshow::before, .elementor-1517 .elementor-element.elementor-element-ed104a9 > .e-con-inner > .elementor-background-slideshow::before, .elementor-1517 .elementor-element.elementor-element-ed104a9 > .elementor-motion-effects-container > .elementor-motion-effects-layer::before{--background-overlay:'';}.elementor-1517 .elementor-element.elementor-element-eab5db7.elementor-element{--align-self:center;}.elementor-1517 .elementor-element.elementor-element-eab5db7{border-style:none;text-align:center;}.elementor-1517 .elementor-element.elementor-element-eab5db7 img{width:80%;max-width:100%;opacity:1;filter:brightness( 100% ) contrast( 120% ) saturate( 100% ) blur( 0px ) hue-rotate( 0deg );transition-duration:0s;border-style:none;border-radius:50px 50px 50px 50px;box-shadow:0px 0px 0px 0px rgba(0,0,0,0.5);}.elementor-1517 .elementor-element.elementor-element-eab5db7:hover img{opacity:1;filter:brightness( 94% ) contrast( 200% ) saturate( 0% ) blur( 0px ) hue-rotate( 301deg );}.elementor-1517 .elementor-element.elementor-element-d121363{width:var( --container-widget-width, 75% );max-width:75%;margin:0px 0px calc(var(--kit-widget-spacing, 0px) + 0px) 0px;--container-widget-width:75%;--container-widget-flex-grow:0;text-align:center;}.elementor-1517 .elementor-element.elementor-element-d121363.elementor-element{--align-self:center;}.elementor-1517 .elementor-element.elementor-element-d121363 .elementor-heading-title{font-family:\"Alata\", Sans-serif;font-size:30px;font-weight:500;}.elementor-1517 .elementor-element.elementor-element-428c46c{--display:flex;--min-height:50vh;--flex-direction:column;--container-widget-width:calc( ( 1 - var( --container-widget-flex-grow ) ) * 100% );--container-widget-height:initial;--container-widget-flex-grow:0;--container-widget-align-self:initial;--flex-wrap-mobile:wrap;--justify-content:center;--align-items:center;--gap:1px 1px;--row-gap:1px;--column-gap:1px;}.elementor-1517 .elementor-element.elementor-element-0718d2e.elementor-element{--order:-99999 \/* order start hack *\/;}.elementor-1517 .elementor-element.elementor-element-0718d2e{text-align:center;}.elementor-1517 .elementor-element.elementor-element-0718d2e img{width:80%;filter:brightness( 100% ) contrast( 120% ) saturate( 100% ) blur( 0px ) hue-rotate( 0deg );}.elementor-1517 .elementor-element.elementor-element-0718d2e:hover img{opacity:1;filter:brightness( 94% ) contrast( 200% ) saturate( 0% ) blur( 0px ) hue-rotate( 301deg );}.elementor-1517 .elementor-element.elementor-element-a4690c4{width:var( --container-widget-width, 75% );max-width:75%;margin:0px 0px calc(var(--kit-widget-spacing, 0px) + 0px) 0px;--container-widget-width:75%;--container-widget-flex-grow:0;text-align:center;}.elementor-1517 .elementor-element.elementor-element-a4690c4 .elementor-heading-title{font-family:\"Alata\", Sans-serif;font-size:30px;font-weight:500;}.elementor-1517 .elementor-element.elementor-element-0a2c50a{--display:flex;--min-height:50vh;--flex-direction:column;--container-widget-width:calc( ( 1 - var( --container-widget-flex-grow ) ) * 100% );--container-widget-height:initial;--container-widget-flex-grow:0;--container-widget-align-self:initial;--flex-wrap-mobile:wrap;--justify-content:center;--align-items:center;--gap:1px 1px;--row-gap:1px;--column-gap:1px;}.elementor-1517 .elementor-element.elementor-element-0ae18cc{text-align:center;}.elementor-1517 .elementor-element.elementor-element-0ae18cc img{width:80%;opacity:1;filter:brightness( 100% ) contrast( 120% ) saturate( 100% ) blur( 0px ) hue-rotate( 0deg );}.elementor-1517 .elementor-element.elementor-element-0ae18cc:hover img{opacity:1;filter:brightness( 100% ) contrast( 199% ) saturate( 100% ) blur( 0px ) hue-rotate( 0deg );}.elementor-1517 .elementor-element.elementor-element-adb3b6d{width:var( --container-widget-width, 75% );max-width:75%;margin:0px 0px calc(var(--kit-widget-spacing, 0px) + 0px) 0px;--container-widget-width:75%;--container-widget-flex-grow:0;text-align:center;}.elementor-1517 .elementor-element.elementor-element-adb3b6d .elementor-heading-title{font-family:\"Alata\", Sans-serif;font-size:30px;font-weight:500;}.elementor-1517 .elementor-element.elementor-element-b12ed84{width:100%;max-width:100%;text-align:center;}.elementor-1517 .elementor-element.elementor-element-b12ed84.elementor-element{--order:-99999 \/* order start hack *\/;}.elementor-1517 .elementor-element.elementor-element-b12ed84 .elementor-heading-title{font-family:\"Alata\", Sans-serif;font-size:40px;font-weight:300;color:var( --e-global-color-astglobalcolor2 );}.elementor-1517 .elementor-element.elementor-element-96aa154{width:100%;max-width:100%;margin:0px 180px calc(var(--kit-widget-spacing, 0px) + 0px) 180px;padding:0px 0px 0px 0px;text-align:center;font-family:\"Alata\", Sans-serif;font-size:13px;font-weight:300;color:var( --e-global-color-text );}.elementor-1517 .elementor-element.elementor-element-96aa154.elementor-element{--order:-99999 \/* order start hack *\/;}:root{--page-title-display:none;}@media(max-width:1024px){.elementor-1517 .elementor-element.elementor-element-96aa154{margin:0px 0px calc(var(--kit-widget-spacing, 0px) + 0px) 0px;}}@media(max-width:767px){.elementor-1517 .elementor-element.elementor-element-2ff4fc4{--gap:0px 0px;--row-gap:0px;--column-gap:0px;}.elementor-1517 .elementor-element.elementor-element-d121363{width:100%;max-width:100%;}.elementor-1517 .elementor-element.elementor-element-428c46c{--margin-top:0px;--margin-bottom:0px;--margin-left:0px;--margin-right:0px;--padding-top:0px;--padding-bottom:0px;--padding-left:0px;--padding-right:0px;}.elementor-1517 .elementor-element.elementor-element-0718d2e{margin:0px 0px calc(var(--kit-widget-spacing, 0px) + 0px) 0px;padding:0px 0px 0px 0px;}.elementor-1517 .elementor-element.elementor-element-a4690c4{width:100%;max-width:100%;}.elementor-1517 .elementor-element.elementor-element-adb3b6d{width:100%;max-width:100%;}}@media(min-width:768px){.elementor-1517 .elementor-element.elementor-element-ed104a9{--width:33.3333%;}.elementor-1517 .elementor-element.elementor-element-428c46c{--width:33.3333%;}.elementor-1517 .elementor-element.elementor-element-0a2c50a{--width:33.3333%;}}<\/style>\t\t<div data-elementor-type=\"wp-page\" data-elementor-id=\"1517\" class=\"elementor elementor-1517\">\n\t\t\t\t<div class=\"elementor-element elementor-element-2ff4fc4 e-con-full e-flex e-con e-parent\" data-id=\"2ff4fc4\" data-element_type=\"container\" data-settings=\"{&quot;background_background&quot;:&quot;classic&quot;}\">\n\t\t<div class=\"elementor-element elementor-element-ed104a9 e-con-full e-flex e-con e-child\" data-id=\"ed104a9\" data-element_type=\"container\">\n\t\t\t\t<div class=\"elementor-element elementor-element-eab5db7 animated-slow elementor-invisible elementor-widget elementor-widget-image\" data-id=\"eab5db7\" data-element_type=\"widget\" data-settings=\"{&quot;_animation&quot;:&quot;fadeIn&quot;}\" data-widget_type=\"image.default\">\n\t\t\t\t\t\t\t\t\t\t\t\t\t\t\t\t<a href=\"https:\/\/ankaradokumsanayi.com\/index.php\/busakle-1910-s\/\">\n\t\t\t\t\t\t\t<img fetchpriority=\"high\" decoding=\"async\" width=\"300\" height=\"300\" src=\"https:\/\/ankaradokumsanayi.com\/wp-content\/uploads\/2024\/10\/650_0-1-300x300.png\" class=\"elementor-animation-bob attachment-woocommerce_thumbnail size-woocommerce_thumbnail wp-image-2864\" alt=\"\" srcset=\"https:\/\/ankaradokumsanayi.com\/wp-content\/uploads\/2024\/10\/650_0-1-300x300.png 300w, https:\/\/ankaradokumsanayi.com\/wp-content\/uploads\/2024\/10\/650_0-1-100x100.png 100w, https:\/\/ankaradokumsanayi.com\/wp-content\/uploads\/2024\/10\/650_0-1-150x150.png 150w, https:\/\/ankaradokumsanayi.com\/wp-content\/uploads\/2024\/10\/650_0-1-768x768.png 768w, https:\/\/ankaradokumsanayi.com\/wp-content\/uploads\/2024\/10\/650_0-1.png 800w\" sizes=\"(max-width: 300px) 100vw, 300px\" \/>\t\t\t\t\t\t\t\t<\/a>\n\t\t\t\t\t\t\t\t\t\t\t\t\t\t\t<\/div>\n\t\t\t\t<div class=\"elementor-element elementor-element-d121363 elementor-widget__width-initial elementor-widget-mobile__width-inherit elementor-widget elementor-widget-heading\" data-id=\"d121363\" data-element_type=\"widget\" data-widget_type=\"heading.default\">\n\t\t\t\t\t<h2 class=\"elementor-heading-title elementor-size-default\"><a href=\"https:\/\/ankaradokumsanayi.com\/index.php\/busakle-1910-s\/\">Bu\u015fakle 1910 <\/a><\/h2>\t\t\t\t<\/div>\n\t\t\t\t<\/div>\n\t\t<div class=\"elementor-element elementor-element-428c46c e-con-full e-flex e-con e-child\" data-id=\"428c46c\" data-element_type=\"container\">\n\t\t\t\t<div class=\"elementor-element elementor-element-0718d2e animated-slow elementor-invisible elementor-widget elementor-widget-image\" data-id=\"0718d2e\" data-element_type=\"widget\" data-settings=\"{&quot;_animation&quot;:&quot;fadeIn&quot;}\" data-widget_type=\"image.default\">\n\t\t\t\t\t\t\t\t\t\t\t\t\t\t\t\t<a href=\"https:\/\/ankaradokumsanayi.com\/index.php\/busakle-1920\/\">\n\t\t\t\t\t\t\t<img decoding=\"async\" width=\"300\" height=\"300\" data-src=\"https:\/\/ankaradokumsanayi.com\/wp-content\/uploads\/2024\/10\/1-1-300x300.png\" class=\"elementor-animation-bob attachment-woocommerce_thumbnail size-woocommerce_thumbnail wp-image-2871 lazyload\" alt=\"D400 Bu\u015fakle\" data-srcset=\"https:\/\/ankaradokumsanayi.com\/wp-content\/uploads\/2024\/10\/1-1-300x300.png 300w, https:\/\/ankaradokumsanayi.com\/wp-content\/uploads\/2024\/10\/1-1-100x100.png 100w, https:\/\/ankaradokumsanayi.com\/wp-content\/uploads\/2024\/10\/1-1-150x150.png 150w, https:\/\/ankaradokumsanayi.com\/wp-content\/uploads\/2024\/10\/1-1-768x768.png 768w, https:\/\/ankaradokumsanayi.com\/wp-content\/uploads\/2024\/10\/1-1.png 800w\" data-sizes=\"(max-width: 300px) 100vw, 300px\" src=\"data:image\/svg+xml;base64,PHN2ZyB3aWR0aD0iMSIgaGVpZ2h0PSIxIiB4bWxucz0iaHR0cDovL3d3dy53My5vcmcvMjAwMC9zdmciPjwvc3ZnPg==\" style=\"--smush-placeholder-width: 300px; --smush-placeholder-aspect-ratio: 300\/300;\" \/>\t\t\t\t\t\t\t\t<\/a>\n\t\t\t\t\t\t\t\t\t\t\t\t\t\t\t<\/div>\n\t\t\t\t<div class=\"elementor-element elementor-element-a4690c4 elementor-widget__width-initial elementor-widget-mobile__width-inherit elementor-widget elementor-widget-heading\" data-id=\"a4690c4\" data-element_type=\"widget\" data-widget_type=\"heading.default\">\n\t\t\t\t\t<h2 class=\"elementor-heading-title elementor-size-default\"><a href=\"https:\/\/ankaradokumsanayi.com\/index.php\/busakle-1920\/\">Bu\u015fakle 1920<\/a><\/h2>\t\t\t\t<\/div>\n\t\t\t\t<\/div>\n\t\t<div class=\"elementor-element elementor-element-0a2c50a e-con-full e-flex e-con e-child\" data-id=\"0a2c50a\" data-element_type=\"container\">\n\t\t\t\t<div class=\"elementor-element elementor-element-0ae18cc animated-slow elementor-invisible elementor-widget elementor-widget-image\" data-id=\"0ae18cc\" data-element_type=\"widget\" data-settings=\"{&quot;_animation&quot;:&quot;fadeIn&quot;}\" data-widget_type=\"image.default\">\n\t\t\t\t\t\t\t\t\t\t\t\t\t\t\t\t<a href=\"https:\/\/ankaradokumsanayi.com\/index.php\/busakle-1930\/\">\n\t\t\t\t\t\t\t<img decoding=\"async\" width=\"300\" height=\"300\" data-src=\"https:\/\/ankaradokumsanayi.com\/wp-content\/uploads\/2024\/10\/1-1-1-300x300.png\" class=\"elementor-animation-bob attachment-woocommerce_thumbnail size-woocommerce_thumbnail wp-image-2879 lazyload\" alt=\"\" data-srcset=\"https:\/\/ankaradokumsanayi.com\/wp-content\/uploads\/2024\/10\/1-1-1-300x300.png 300w, https:\/\/ankaradokumsanayi.com\/wp-content\/uploads\/2024\/10\/1-1-1-100x100.png 100w, https:\/\/ankaradokumsanayi.com\/wp-content\/uploads\/2024\/10\/1-1-1-150x150.png 150w, https:\/\/ankaradokumsanayi.com\/wp-content\/uploads\/2024\/10\/1-1-1-768x768.png 768w, https:\/\/ankaradokumsanayi.com\/wp-content\/uploads\/2024\/10\/1-1-1.png 800w\" data-sizes=\"(max-width: 300px) 100vw, 300px\" src=\"data:image\/svg+xml;base64,PHN2ZyB3aWR0aD0iMSIgaGVpZ2h0PSIxIiB4bWxucz0iaHR0cDovL3d3dy53My5vcmcvMjAwMC9zdmciPjwvc3ZnPg==\" style=\"--smush-placeholder-width: 300px; --smush-placeholder-aspect-ratio: 300\/300;\" \/>\t\t\t\t\t\t\t\t<\/a>\n\t\t\t\t\t\t\t\t\t\t\t\t\t\t\t<\/div>\n\t\t\t\t<div class=\"elementor-element elementor-element-adb3b6d elementor-widget__width-initial elementor-widget-mobile__width-inherit elementor-widget elementor-widget-heading\" data-id=\"adb3b6d\" data-element_type=\"widget\" data-widget_type=\"heading.default\">\n\t\t\t\t\t<h2 class=\"elementor-heading-title elementor-size-default\"><a href=\"https:\/\/ankaradokumsanayi.com\/index.php\/busakle-1930\/\">Bu\u015fakle 1930<\/a><\/h2>\t\t\t\t<\/div>\n\t\t\t\t<\/div>\n\t\t\t\t<div class=\"elementor-element elementor-element-b12ed84 elementor-widget__width-inherit elementor-invisible elementor-widget elementor-widget-heading\" data-id=\"b12ed84\" data-element_type=\"widget\" data-settings=\"{&quot;_animation&quot;:&quot;fadeIn&quot;}\" data-widget_type=\"heading.default\">\n\t\t\t\t\t<h2 class=\"elementor-heading-title elementor-size-default\">Bu\u015fakleler<\/h2>\t\t\t\t<\/div>\n\t\t\t\t<div class=\"elementor-element elementor-element-96aa154 elementor-widget__width-inherit elementor-invisible elementor-widget elementor-widget-text-editor\" data-id=\"96aa154\" data-element_type=\"widget\" data-settings=\"{&quot;_animation&quot;:&quot;fadeIn&quot;}\" data-widget_type=\"text-editor.default\">\n\t\t\t\t\t\t\t\t\t<p>Bu\u015fakle, yang\u0131n hidrant\u0131 \u00f6n\u00fcndeki s\u00fcrg\u00fcl\u00fc vanalar\u0131n yerden kontrol\u00fcn\u00fc sa\u011flar. FAF Bu\u015fakle Tak\u0131m\u0131 ile kullan\u0131lan bu vanalar, hidrant vanas\u0131 veya hidrant kesme vanas\u0131 olarak adland\u0131r\u0131l\u0131r ve yang\u0131n g\u00fcvenli\u011finde \u00f6nemli bir rol oynar.<\/p>\t\t\t\t\t\t\t\t<\/div>\n\t\t\t\t<\/div>\n\t\t\t\t<\/div>\n\t\t","protected":false},"excerpt":{"rendered":"<p>Bu\u015fakle 1910 Bu\u015fakle 1920 Bu\u015fakle 1930 Bu\u015fakleler Bu\u015fakle, yang\u0131n hidrant\u0131 \u00f6n\u00fcndeki s\u00fcrg\u00fcl\u00fc vanalar\u0131n yerden kontrol\u00fcn\u00fc sa\u011flar. FAF Bu\u015fakle Tak\u0131m\u0131 ile [&hellip;]<\/p>\n","protected":false},"author":1,"featured_media":0,"parent":0,"menu_order":0,"comment_status":"closed","ping_status":"closed","template":"elementor_header_footer","meta":{"site-sidebar-layout":"no-sidebar","site-content-layout":"","ast-site-content-layout":"full-width-container","site-content-style":"default","site-sidebar-style":"default","ast-global-header-display":"","ast-banner-title-visibility":"","ast-main-header-display":"","ast-hfb-above-header-display":"","ast-hfb-below-header-display":"","ast-hfb-mobile-header-display":"","site-post-title":"disabled","ast-breadcrumbs-content":"","ast-featured-img":"disabled","footer-sml-layout":"","ast-disable-related-posts":"","theme-transparent-header-meta":"","adv-header-id-meta":"","stick-header-meta":"","header-above-stick-meta":"","header-main-stick-meta":"","header-below-stick-meta":"","astra-migrate-meta-layouts":"default","ast-page-background-enabled":"default","ast-page-background-meta":{"desktop":{"background-color":"var(--ast-global-color-4)","background-image":"","background-repeat":"repeat","background-position":"center center","background-size":"auto","background-attachment":"scroll","background-type":"","background-media":"","overlay-type":"","overlay-color":"","overlay-opacity":"","overlay-gradient":""},"tablet":{"background-color":"","background-image":"","background-repeat":"repeat","background-position":"center center","background-size":"auto","background-attachment":"scroll","background-type":"","background-media":"","overlay-type":"","overlay-color":"","overlay-opacity":"","overlay-gradient":""},"mobile":{"background-color":"","background-image":"","background-repeat":"repeat","background-position":"center center","background-size":"auto","background-attachment":"scroll","background-type":"","background-media":"","overlay-type":"","overlay-color":"","overlay-opacity":"","overlay-gradient":""}},"ast-content-background-meta":{"desktop":{"background-color":"var(--ast-global-color-5)","background-image":"","background-repeat":"repeat","background-position":"center center","background-size":"auto","background-attachment":"scroll","background-type":"","background-media":"","overlay-type":"","overlay-color":"","overlay-opacity":"","overlay-gradient":""},"tablet":{"background-color":"var(--ast-global-color-5)","background-image":"","background-repeat":"repeat","background-position":"center center","background-size":"auto","background-attachment":"scroll","background-type":"","background-media":"","overlay-type":"","overlay-color":"","overlay-opacity":"","overlay-gradient":""},"mobile":{"background-color":"var(--ast-global-color-5)","background-image":"","background-repeat":"repeat","background-position":"center center","background-size":"auto","background-attachment":"scroll","background-type":"","background-media":"","overlay-type":"","overlay-color":"","overlay-opacity":"","overlay-gradient":""}},"footnotes":""},"class_list":["post-1517","page","type-page","status-publish","hentry"],"_links":{"self":[{"href":"https:\/\/ankaradokumsanayi.com\/index.php\/wp-json\/wp\/v2\/pages\/1517","targetHints":{"allow":["GET"]}}],"collection":[{"href":"https:\/\/ankaradokumsanayi.com\/index.php\/wp-json\/wp\/v2\/pages"}],"about":[{"href":"https:\/\/ankaradokumsanayi.com\/index.php\/wp-json\/wp\/v2\/types\/page"}],"author":[{"embeddable":true,"href":"https:\/\/ankaradokumsanayi.com\/index.php\/wp-json\/wp\/v2\/users\/1"}],"replies":[{"embeddable":true,"href":"https:\/\/ankaradokumsanayi.com\/index.php\/wp-json\/wp\/v2\/comments?post=1517"}],"version-history":[{"count":0,"href":"https:\/\/ankaradokumsanayi.com\/index.php\/wp-json\/wp\/v2\/pages\/1517\/revisions"}],"wp:attachment":[{"href":"https:\/\/ankaradokumsanayi.com\/index.php\/wp-json\/wp\/v2\/media?parent=1517"}],"curies":[{"name":"wp","href":"https:\/\/api.w.org\/{rel}","templated":true}]}}