{"id":2725,"date":"2024-10-03T11:14:32","date_gmt":"2024-10-03T11:14:32","guid":{"rendered":"https:\/\/ankaradokumsanayi.com\/?page_id=2725"},"modified":"2026-04-26T12:25:17","modified_gmt":"2026-04-26T12:25:17","slug":"damla-kaldirim-elemani-modeli-istanbul-serisi","status":"publish","type":"page","link":"https:\/\/ankaradokumsanayi.com\/damla-kaldirim-elemani-modeli-istanbul-serisi\/","title":{"rendered":"Damla Kald\u0131r\u0131m Eleman\u0131 Modeli \u2013 \u0130stanbul Serisi"},"content":{"rendered":"\t\t<div data-elementor-type=\"wp-page\" data-elementor-id=\"2725\" class=\"elementor elementor-2725\">\n\t\t\t\t<div class=\"elementor-element elementor-element-5f773b0 e-con-full e-flex e-con e-parent\" data-id=\"5f773b0\" data-element_type=\"container\" data-e-type=\"container\">\n\t\t\t\t<div class=\"elementor-element elementor-element-a2ec56f elementor-widget__width-inherit hero-dark elementor-widget elementor-widget-html\" data-id=\"a2ec56f\" data-element_type=\"widget\" data-e-type=\"widget\" data-widget_type=\"html.default\">\n\t\t\t\t\t<div class=\"sayfa-hero-lcp\">\r\n<img fetchpriority=\"high\" \r\n  src=\"https:\/\/ankaradokumsanayi.com\/wp-content\/uploads\/2026\/04\/dokum.webp\"\r\n  alt=\"ankara d\u00f6k\u00fcm sanayi \u00fcretim sahas\u0131\"\r\n  fetchpriority=\"high\"\r\n  loading=\"eager\"\r\n  decoding=\"sync\"\r\n  width=\"1920\"\r\n  height=\"670\"\r\n>\r\n<\/div>\t\t\t\t<\/div>\n\t\t\t\t<\/div>\n\t\t<div class=\"elementor-element elementor-element-1c48290 e-con-full e-flex e-con e-parent\" data-id=\"1c48290\" data-element_type=\"container\" data-e-type=\"container\">\n\t\t<div class=\"elementor-element elementor-element-2fb5bce e-con-full e-flex e-con e-child\" data-id=\"2fb5bce\" data-element_type=\"container\" data-e-type=\"container\">\n\t\t<div class=\"elementor-element elementor-element-716f2f4 e-con-full e-flex e-con e-child\" data-id=\"716f2f4\" data-element_type=\"container\" data-e-type=\"container\">\n\t\t\t\t<div class=\"elementor-element elementor-element-4a73d7a elementor-widget elementor-widget-html\" data-id=\"4a73d7a\" data-element_type=\"widget\" data-e-type=\"widget\" data-widget_type=\"html.default\">\n\t\t\t\t\t<img src=\"\/wp-content\/uploads\/2026\/04\/1-13-300x300.jpg.webp\" fetchpriority=\"high\" loading=\"eager\" decoding=\"sync\" alt=\"| Ankara d\u00f6k\u00fcm sanayi\">\t\t\t\t<\/div>\n\t\t\t\t<\/div>\n\t\t<div class=\"elementor-element elementor-element-1855c37 e-con-full e-flex e-con e-child\" data-id=\"1855c37\" data-element_type=\"container\" data-e-type=\"container\">\n\t\t\t\t<div class=\"elementor-element elementor-element-07141e6 elementor-widget elementor-widget-heading\" data-id=\"07141e6\" data-element_type=\"widget\" data-e-type=\"widget\" data-widget_type=\"heading.default\">\n\t\t\t\t\t<h1 class=\"elementor-heading-title elementor-size-default\">Damla Kald\u0131r\u0131m Elaman\u0131<\/h1>\t\t\t\t<\/div>\n\t\t<div class=\"elementor-element elementor-element-8ac7c8a e-con-full e-flex e-con e-child\" data-id=\"8ac7c8a\" data-element_type=\"container\" data-e-type=\"container\">\n\t\t\t\t<\/div>\n\t\t\t\t<div class=\"elementor-element elementor-element-844ce20 elementor-mobile-align-center elementor-align-left elementor-widget__width-inherit elementor-widget-mobile__width-initial elementor-widget elementor-widget-button\" data-id=\"844ce20\" data-element_type=\"widget\" data-e-type=\"widget\" data-widget_type=\"button.default\">\n\t\t\t\t\t\t\t\t\t\t<a class=\"elementor-button elementor-button-link elementor-size-sm\" href=\"https:\/\/ankaradokumsanayi.com\/index.php\/teklif-al\/\">\n\t\t\t\t\t\t<span class=\"elementor-button-content-wrapper\">\n\t\t\t\t\t\t\t\t\t<span class=\"elementor-button-text\">Teklif Al<\/span>\n\t\t\t\t\t<\/span>\n\t\t\t\t\t<\/a>\n\t\t\t\t\t\t\t\t<\/div>\n\t\t\t\t<div class=\"elementor-element elementor-element-c7c0cd6 elementor-widget-divider--view-line elementor-widget elementor-widget-divider\" data-id=\"c7c0cd6\" data-element_type=\"widget\" data-e-type=\"widget\" data-widget_type=\"divider.default\">\n\t\t\t\t\t\t\t<div class=\"elementor-divider\">\n\t\t\t<span class=\"elementor-divider-separator\">\n\t\t\t\t\t\t<\/span>\n\t\t<\/div>\n\t\t\t\t\t\t<\/div>\n\t\t<div class=\"elementor-element elementor-element-65abe1b e-grid e-con-full e-con e-child\" data-id=\"65abe1b\" data-element_type=\"container\" data-e-type=\"container\">\n\t\t\t\t<div class=\"elementor-element elementor-element-8912afc elementor-widget-mobile__width-auto elementor-widget__width-auto elementor-shape-rounded elementor-grid-0 e-grid-align-center elementor-widget elementor-widget-social-icons\" data-id=\"8912afc\" data-element_type=\"widget\" data-e-type=\"widget\" data-widget_type=\"social-icons.default\">\n\t\t\t\t\t\t\t<div class=\"elementor-social-icons-wrapper elementor-grid\" role=\"list\">\n\t\t\t\t\t\t\t<span class=\"elementor-grid-item\" role=\"listitem\">\n\t\t\t\t\t<a class=\"elementor-icon elementor-social-icon elementor-social-icon-facebook elementor-animation-pulse elementor-repeater-item-9a93a87\" href=\"https:\/\/facebook.com\/ankaragrupdokum\" target=\"_blank\" rel=\"noopener\">\n\t\t\t\t\t\t<span class=\"elementor-screen-only\">Facebook<\/span>\n\t\t\t\t\t\t<svg aria-hidden=\"true\" class=\"e-font-icon-svg e-fab-facebook\" viewBox=\"0 0 512 512\" xmlns=\"http:\/\/www.w3.org\/2000\/svg\"><path d=\"M504 256C504 119 393 8 256 8S8 119 8 256c0 123.78 90.69 226.38 209.25 245V327.69h-63V256h63v-54.64c0-62.15 37-96.48 93.67-96.48 27.14 0 55.52 4.84 55.52 4.84v61h-31.28c-30.8 0-40.41 19.12-40.41 38.73V256h68.78l-11 71.69h-57.78V501C413.31 482.38 504 379.78 504 256z\"><\/path><\/svg>\t\t\t\t\t<\/a>\n\t\t\t\t<\/span>\n\t\t\t\t\t\t\t<span class=\"elementor-grid-item\" role=\"listitem\">\n\t\t\t\t\t<a class=\"elementor-icon elementor-social-icon elementor-social-icon-instagram elementor-animation-pulse elementor-repeater-item-765c391\" href=\"https:\/\/www.instagram.com\/ankaragrupdokum\/\" target=\"_blank\" rel=\"noopener\">\n\t\t\t\t\t\t<span class=\"elementor-screen-only\">Instagram<\/span>\n\t\t\t\t\t\t<svg aria-hidden=\"true\" class=\"e-font-icon-svg e-fab-instagram\" viewBox=\"0 0 448 512\" xmlns=\"http:\/\/www.w3.org\/2000\/svg\"><path d=\"M224.1 141c-63.6 0-114.9 51.3-114.9 114.9s51.3 114.9 114.9 114.9S339 319.5 339 255.9 287.7 141 224.1 141zm0 189.6c-41.1 0-74.7-33.5-74.7-74.7s33.5-74.7 74.7-74.7 74.7 33.5 74.7 74.7-33.6 74.7-74.7 74.7zm146.4-194.3c0 14.9-12 26.8-26.8 26.8-14.9 0-26.8-12-26.8-26.8s12-26.8 26.8-26.8 26.8 12 26.8 26.8zm76.1 27.2c-1.7-35.9-9.9-67.7-36.2-93.9-26.2-26.2-58-34.4-93.9-36.2-37-2.1-147.9-2.1-184.9 0-35.8 1.7-67.6 9.9-93.9 36.1s-34.4 58-36.2 93.9c-2.1 37-2.1 147.9 0 184.9 1.7 35.9 9.9 67.7 36.2 93.9s58 34.4 93.9 36.2c37 2.1 147.9 2.1 184.9 0 35.9-1.7 67.7-9.9 93.9-36.2 26.2-26.2 34.4-58 36.2-93.9 2.1-37 2.1-147.8 0-184.8zM398.8 388c-7.8 19.6-22.9 34.7-42.6 42.6-29.5 11.7-99.5 9-132.1 9s-102.7 2.6-132.1-9c-19.6-7.8-34.7-22.9-42.6-42.6-11.7-29.5-9-99.5-9-132.1s-2.6-102.7 9-132.1c7.8-19.6 22.9-34.7 42.6-42.6 29.5-11.7 99.5-9 132.1-9s102.7-2.6 132.1 9c19.6 7.8 34.7 22.9 42.6 42.6 11.7 29.5 9 99.5 9 132.1s2.7 102.7-9 132.1z\"><\/path><\/svg>\t\t\t\t\t<\/a>\n\t\t\t\t<\/span>\n\t\t\t\t\t\t\t<span class=\"elementor-grid-item\" role=\"listitem\">\n\t\t\t\t\t<a class=\"elementor-icon elementor-social-icon elementor-social-icon-linkedin elementor-animation-pulse elementor-repeater-item-a22b927\" href=\"http:\/\/Linkedin.com\/company\/ankara-dokum\" target=\"_blank\" rel=\"noopener\">\n\t\t\t\t\t\t<span class=\"elementor-screen-only\">Linkedin<\/span>\n\t\t\t\t\t\t<svg aria-hidden=\"true\" class=\"e-font-icon-svg e-fab-linkedin\" viewBox=\"0 0 448 512\" xmlns=\"http:\/\/www.w3.org\/2000\/svg\"><path d=\"M416 32H31.9C14.3 32 0 46.5 0 64.3v383.4C0 465.5 14.3 480 31.9 480H416c17.6 0 32-14.5 32-32.3V64.3c0-17.8-14.4-32.3-32-32.3zM135.4 416H69V202.2h66.5V416zm-33.2-243c-21.3 0-38.5-17.3-38.5-38.5S80.9 96 102.2 96c21.2 0 38.5 17.3 38.5 38.5 0 21.3-17.2 38.5-38.5 38.5zm282.1 243h-66.4V312c0-24.8-.5-56.7-34.5-56.7-34.6 0-39.9 27-39.9 54.9V416h-66.4V202.2h63.7v29.2h.9c8.9-16.8 30.6-34.5 62.9-34.5 67.2 0 79.7 44.3 79.7 101.9V416z\"><\/path><\/svg>\t\t\t\t\t<\/a>\n\t\t\t\t<\/span>\n\t\t\t\t\t<\/div>\n\t\t\t\t\t\t<\/div>\n\t\t\t\t<div class=\"elementor-element elementor-element-6a7d7f8 elementor-widget elementor-widget-heading\" data-id=\"6a7d7f8\" data-element_type=\"widget\" data-e-type=\"widget\" data-widget_type=\"heading.default\">\n\t\t\t\t\t<h4 class=\"elementor-heading-title elementor-size-default\">Sosyal Medya <\/h4>\t\t\t\t<\/div>\n\t\t\t\t<\/div>\n\t\t<div class=\"elementor-element elementor-element-8bd9995 e-grid e-con-full e-con e-child\" data-id=\"8bd9995\" data-element_type=\"container\" data-e-type=\"container\">\n\t\t\t\t<div class=\"elementor-element elementor-element-85bb895 elementor-icon-list--layout-inline elementor-list-item-link-inline elementor-align-end elementor-widget__width-inherit elementor-mobile-align-center elementor-widget elementor-widget-icon-list\" data-id=\"85bb895\" data-element_type=\"widget\" data-e-type=\"widget\" data-widget_type=\"icon-list.default\">\n\t\t\t\t\t\t\t<ul class=\"elementor-icon-list-items elementor-inline-items\">\n\t\t\t\t\t\t\t<li class=\"elementor-icon-list-item elementor-inline-item\">\n\t\t\t\t\t\t\t\t\t\t\t<span class=\"elementor-icon-list-icon\">\n\t\t\t\t\t\t\t<svg xmlns=\"http:\/\/www.w3.org\/2000\/svg\" width=\"240\" height=\"240\" viewBox=\"0 0 240 240\"><rect width=\"240\" height=\"240\" fill=\"white\"><\/rect><polygon points=\"120.00,28.00 135.22,43.50 155.21,35.00 163.33,55.15 185.05,54.95 184.85,76.67 205.00,84.79 196.50,104.78 212.00,120.00 196.50,135.22 205.00,155.21 184.85,163.33 185.05,185.05 163.33,184.85 155.21,205.00 135.22,196.50 120.00,212.00 104.78,196.50 84.79,205.00 76.67,184.85 54.95,185.05 55.15,163.33 35.00,155.21 43.50,135.22 28.00,120.00 43.50,104.78 35.00,84.79 55.15,76.67 54.95,54.95 76.67,55.15 84.79,35.00 104.78,43.50\" fill=\"#231f20\"><\/polygon><circle cx=\"120\" cy=\"120\" r=\"78\" fill=\"white\"><\/circle><circle cx=\"120\" cy=\"120\" r=\"70\" fill=\"none\" stroke=\"#231f20\" stroke-width=\"2.5\"><\/circle><polygon points=\"120,76 176,120 120,164 64,120\" fill=\"none\" stroke=\"#231f20\" stroke-width=\"7\"><\/polygon><text x=\"120\" y=\"136\" text-anchor=\"middle\" font-family=\"Arial, Helvetica, sans-serif\" font-weight=\"700\" font-size=\"48\" fill=\"#231f20\">TSE<\/text><\/svg>\t\t\t\t\t\t<\/span>\n\t\t\t\t\t\t\t\t\t\t<span class=\"elementor-icon-list-text\"><\/span>\n\t\t\t\t\t\t\t\t\t<\/li>\n\t\t\t\t\t\t\t\t<li class=\"elementor-icon-list-item elementor-inline-item\">\n\t\t\t\t\t\t\t\t\t\t\t<span class=\"elementor-icon-list-icon\">\n\t\t\t\t\t\t\t<svg xmlns=\"http:\/\/www.w3.org\/2000\/svg\" width=\"240\" height=\"240\" viewBox=\"0 0 240 240\"><rect width=\"240\" height=\"240\" fill=\"white\"><\/rect><polygon points=\"120.00,28.00 135.22,43.50 155.21,35.00 163.33,55.15 185.05,54.95 184.85,76.67 205.00,84.79 196.50,104.78 212.00,120.00 196.50,135.22 205.00,155.21 184.85,163.33 185.05,185.05 163.33,184.85 155.21,205.00 135.22,196.50 120.00,212.00 104.78,196.50 84.79,205.00 76.67,184.85 54.95,185.05 55.15,163.33 35.00,155.21 43.50,135.22 28.00,120.00 43.50,104.78 35.00,84.79 55.15,76.67 54.95,54.95 76.67,55.15 84.79,35.00 104.78,43.50\" fill=\"#231f20\"><\/polygon><circle cx=\"120\" cy=\"120\" r=\"78\" fill=\"white\"><\/circle><circle cx=\"120\" cy=\"120\" r=\"70\" fill=\"none\" stroke=\"#231f20\" stroke-width=\"2.5\"><\/circle><line x1=\"68\" y1=\"96\" x2=\"172\" y2=\"96\" stroke=\"#231f20\" stroke-width=\"4.5\" stroke-linecap=\"round\"><\/line><line x1=\"68\" y1=\"144\" x2=\"172\" y2=\"144\" stroke=\"#231f20\" stroke-width=\"4.5\" stroke-linecap=\"round\"><\/line><text x=\"120\" y=\"132\" text-anchor=\"middle\" font-family=\"Arial, Helvetica, sans-serif\" font-weight=\"700\" font-size=\"36\" fill=\"#231f20\">EN-124<\/text><\/svg>\t\t\t\t\t\t<\/span>\n\t\t\t\t\t\t\t\t\t\t<span class=\"elementor-icon-list-text\"><\/span>\n\t\t\t\t\t\t\t\t\t<\/li>\n\t\t\t\t\t\t<\/ul>\n\t\t\t\t\t\t<\/div>\n\t\t\t\t<\/div>\n\t\t\t\t<\/div>\n\t\t\t\t<\/div>\n\t\t\t\t<div class=\"elementor-element elementor-element-a9815ca elementor-widget__width-initial elementor-widget-mobile__width-initial elementor-widget elementor-widget-heading\" data-id=\"a9815ca\" data-element_type=\"widget\" data-e-type=\"widget\" data-widget_type=\"heading.default\">\n\t\t\t\t\t<h2 class=\"elementor-heading-title elementor-size-default\">Kald\u0131r\u0131m Engel Eleman\u0131: Ara\u00e7 ge\u00e7i\u015fini engeller, bisiklet ve scooter park\u0131na uygundur, dayan\u0131kl\u0131 d\u00f6k\u00fcm yap\u0131s\u0131 ile uzun \u00f6m\u00fcrl\u00fcd\u00fcr.\n\n\n<\/h2>\t\t\t\t<\/div>\n\t\t\t\t<div class=\"elementor-element elementor-element-f533ad9 elementor-widget-mobile__width-inherit elementor-widget elementor-widget-heading\" data-id=\"f533ad9\" data-element_type=\"widget\" data-e-type=\"widget\" data-widget_type=\"heading.default\">\n\t\t\t\t\t<h3 class=\"elementor-heading-title elementor-size-default\">\u00dcr\u00fcn G\u00f6rselleri<\/h3>\t\t\t\t<\/div>\n\t\t\t\t<div class=\"elementor-element elementor-element-9c486d6 elementor-widget-mobile__width-inherit elementor-widget elementor-widget-text-editor\" data-id=\"9c486d6\" data-element_type=\"widget\" data-e-type=\"widget\" data-widget_type=\"text-editor.default\">\n\t\t\t\t\t\t\t\t\t<p>Sa\u011flam D\u00f6k\u00fcm, G\u00fc\u00e7l\u00fc Yar\u0131nlar!<\/p>\t\t\t\t\t\t\t\t<\/div>\n\t\t\t\t<div class=\"elementor-element elementor-element-16b5e31 elementor-widget__width-initial elementor-widget-mobile__width-inherit elementor-invisible elementor-widget elementor-widget-image-gallery\" data-id=\"16b5e31\" data-element_type=\"widget\" data-e-type=\"widget\" data-settings=\"{&quot;_animation&quot;:&quot;fadeIn&quot;,&quot;_animation_delay&quot;:400}\" data-widget_type=\"image-gallery.default\">\n\t\t\t\t\t\t\t<div class=\"elementor-image-gallery\">\n\t\t\t<div id='gallery-1' class='gallery galleryid-2725 gallery-columns-2 gallery-size-full'><figure class='gallery-item'>\n\t\t\t<div class='gallery-icon portrait'>\n\t\t\t\t<a data-elementor-open-lightbox=\"yes\" data-elementor-lightbox-slideshow=\"16b5e31\" data-elementor-lightbox-title=\"Damla Kald\u0131r\u0131m Eleman\u0131 Modeli \u2013 \u0130stanbul Serisi\" data-e-action-hash=\"#elementor-action%3Aaction%3Dlightbox%26settings%3DeyJpZCI6MTU1NCwidXJsIjoiaHR0cHM6XC9cL2Fua2FyYWRva3Vtc2FuYXlpLmNvbVwvd3AtY29udGVudFwvdXBsb2Fkc1wvMjAyNFwvMDlcL0RhbWxhLUthbGRpcmltLUVsZW1hbmktTW9kZWxpLVx1MjAxMy1Jc3RhbmJ1bC1TZXJpc2kuanBnIiwic2xpZGVzaG93IjoiMTZiNWUzMSJ9\" href=\"https:\/\/ankaradokumsanayi.com\/wp-content\/uploads\/2024\/09\/Damla-Kaldirim-Elemani-Modeli-\u2013-Istanbul-Serisi.jpg\"><img decoding=\"async\" width=\"1280\" height=\"1920\" src=\"https:\/\/ankaradokumsanayi.com\/wp-content\/uploads\/2024\/09\/Damla-Kaldirim-Elemani-Modeli-\u2013-Istanbul-Serisi.jpg\" class=\"attachment-full size-full\" alt=\"| Ankara d\u00f6k\u00fcm sanayi\" srcset=\"https:\/\/ankaradokumsanayi.com\/wp-content\/uploads\/2024\/09\/Damla-Kaldirim-Elemani-Modeli-\u2013-Istanbul-Serisi.jpg 1280w, https:\/\/ankaradokumsanayi.com\/wp-content\/uploads\/2024\/09\/Damla-Kaldirim-Elemani-Modeli-\u2013-Istanbul-Serisi-300x450.jpg 300w, https:\/\/ankaradokumsanayi.com\/wp-content\/uploads\/2024\/09\/Damla-Kaldirim-Elemani-Modeli-\u2013-Istanbul-Serisi-200x300.jpg 200w, https:\/\/ankaradokumsanayi.com\/wp-content\/uploads\/2024\/09\/Damla-Kaldirim-Elemani-Modeli-\u2013-Istanbul-Serisi-683x1024.jpg 683w, https:\/\/ankaradokumsanayi.com\/wp-content\/uploads\/2024\/09\/Damla-Kaldirim-Elemani-Modeli-\u2013-Istanbul-Serisi-768x1152.jpg 768w, https:\/\/ankaradokumsanayi.com\/wp-content\/uploads\/2024\/09\/Damla-Kaldirim-Elemani-Modeli-\u2013-Istanbul-Serisi-1024x1536.jpg 1024w\" sizes=\"(max-width: 1280px) 100vw, 1280px\"><\/a>\n\t\t\t<\/div><\/figure>\n\t\t<\/div>\n\t\t<\/div>\n\t\t\t\t\t\t<\/div>\n\t\t<div class=\"elementor-element elementor-element-d32f26a e-grid e-con-full e-con e-child\" data-id=\"d32f26a\" data-element_type=\"container\" data-e-type=\"container\">\n\t\t<div class=\"elementor-element elementor-element-1afac2c e-con-full e-flex e-con e-child\" data-id=\"1afac2c\" data-element_type=\"container\" data-e-type=\"container\">\n\t\t\t\t<div class=\"elementor-element elementor-element-dfaf816 elementor-widget elementor-widget-text-editor\" data-id=\"dfaf816\" data-element_type=\"widget\" data-e-type=\"widget\" data-widget_type=\"text-editor.default\">\n\t\t\t\t\t\t\t\t\t<p>Tip<\/p>\t\t\t\t\t\t\t\t<\/div>\n\t\t\t\t<div class=\"elementor-element elementor-element-63b4ba3 elementor-widget elementor-widget-text-editor\" data-id=\"63b4ba3\" data-element_type=\"widget\" data-e-type=\"widget\" data-widget_type=\"text-editor.default\">\n\t\t\t\t\t\t\t\t\t<p>A\u011f\u0131r Y\u00fck<\/p>\t\t\t\t\t\t\t\t<\/div>\n\t\t\t\t<\/div>\n\t\t<div class=\"elementor-element elementor-element-860285f e-con-full e-flex e-con e-child\" data-id=\"860285f\" data-element_type=\"container\" data-e-type=\"container\">\n\t\t\t\t<div class=\"elementor-element elementor-element-cfac5a9 elementor-widget elementor-widget-text-editor\" data-id=\"cfac5a9\" data-element_type=\"widget\" data-e-type=\"widget\" data-widget_type=\"text-editor.default\">\n\t\t\t\t\t\t\t\t\t<p>Y\u00fck Dayan\u0131m\u0131<\/p>\t\t\t\t\t\t\t\t<\/div>\n\t\t\t\t<div class=\"elementor-element elementor-element-e3cdd53 elementor-widget elementor-widget-text-editor\" data-id=\"e3cdd53\" data-element_type=\"widget\" data-e-type=\"widget\" data-widget_type=\"text-editor.default\">\n\t\t\t\t\t\t\t\t\t<p>400 Kn (40 Ton)<\/p>\t\t\t\t\t\t\t\t<\/div>\n\t\t\t\t<\/div>\n\t\t<div class=\"elementor-element elementor-element-c9879e6 e-con-full e-flex e-con e-child\" data-id=\"c9879e6\" data-element_type=\"container\" data-e-type=\"container\">\n\t\t\t\t<div class=\"elementor-element elementor-element-6b535d2 elementor-widget elementor-widget-text-editor\" data-id=\"6b535d2\" data-element_type=\"widget\" data-e-type=\"widget\" data-widget_type=\"text-editor.default\">\n\t\t\t\t\t\t\t\t\t<p>S\u0131n\u0131f<\/p>\t\t\t\t\t\t\t\t<\/div>\n\t\t\t\t<div class=\"elementor-element elementor-element-b783ebc elementor-widget elementor-widget-text-editor\" data-id=\"b783ebc\" data-element_type=\"widget\" data-e-type=\"widget\" data-widget_type=\"text-editor.default\">\n\t\t\t\t\t\t\t\t\t<p>D400<\/p>\t\t\t\t\t\t\t\t<\/div>\n\t\t\t\t<\/div>\n\t\t\t\t<\/div>\n\t\t\t\t<\/div>\n\t\t\t\t<\/div>\n\t\t","protected":false},"excerpt":{"rendered":"<p>Damla Kald\u0131r\u0131m Elaman\u0131 Teklif Al Facebook Instagram Linkedin Sosyal Medya TSE EN-124 Kald\u0131r\u0131m Engel Eleman\u0131: Ara\u00e7 ge\u00e7i\u015fini engeller, bisiklet ve [&hellip;]<\/p>\n","protected":false},"author":1,"featured_media":0,"parent":0,"menu_order":0,"comment_status":"closed","ping_status":"closed","template":"","meta":{"site-sidebar-layout":"no-sidebar","site-content-layout":"","ast-site-content-layout":"full-width-container","site-content-style":"default","site-sidebar-style":"default","ast-global-header-display":"","ast-banner-title-visibility":"","ast-main-header-display":"","ast-hfb-above-header-display":"","ast-hfb-below-header-display":"","ast-hfb-mobile-header-display":"","site-post-title":"disabled","ast-breadcrumbs-content":"","ast-featured-img":"disabled","footer-sml-layout":"","ast-disable-related-posts":"","theme-transparent-header-meta":"","adv-header-id-meta":"","stick-header-meta":"","header-above-stick-meta":"","header-main-stick-meta":"","header-below-stick-meta":"","astra-migrate-meta-layouts":"default","ast-page-background-enabled":"default","ast-page-background-meta":{"desktop":{"background-color":"var(--ast-global-color-4)","background-image":"","background-repeat":"repeat","background-position":"center center","background-size":"auto","background-attachment":"scroll","background-type":"","background-media":"","overlay-type":"","overlay-color":"","overlay-opacity":"","overlay-gradient":""},"tablet":{"background-color":"","background-image":"","background-repeat":"repeat","background-position":"center center","background-size":"auto","background-attachment":"scroll","background-type":"","background-media":"","overlay-type":"","overlay-color":"","overlay-opacity":"","overlay-gradient":""},"mobile":{"background-color":"","background-image":"","background-repeat":"repeat","background-position":"center center","background-size":"auto","background-attachment":"scroll","background-type":"","background-media":"","overlay-type":"","overlay-color":"","overlay-opacity":"","overlay-gradient":""}},"ast-content-background-meta":{"desktop":{"background-color":"var(--ast-global-color-5)","background-image":"","background-repeat":"repeat","background-position":"center center","background-size":"auto","background-attachment":"scroll","background-type":"","background-media":"","overlay-type":"","overlay-color":"","overlay-opacity":"","overlay-gradient":""},"tablet":{"background-color":"var(--ast-global-color-5)","background-image":"","background-repeat":"repeat","background-position":"center center","background-size":"auto","background-attachment":"scroll","background-type":"","background-media":"","overlay-type":"","overlay-color":"","overlay-opacity":"","overlay-gradient":""},"mobile":{"background-color":"var(--ast-global-color-5)","background-image":"","background-repeat":"repeat","background-position":"center center","background-size":"auto","background-attachment":"scroll","background-type":"","background-media":"","overlay-type":"","overlay-color":"","overlay-opacity":"","overlay-gradient":""}},"footnotes":""},"class_list":["post-2725","page","type-page","status-publish","hentry"],"_links":{"self":[{"href":"https:\/\/ankaradokumsanayi.com\/wp-json\/wp\/v2\/pages\/2725","targetHints":{"allow":["GET"]}}],"collection":[{"href":"https:\/\/ankaradokumsanayi.com\/wp-json\/wp\/v2\/pages"}],"about":[{"href":"https:\/\/ankaradokumsanayi.com\/wp-json\/wp\/v2\/types\/page"}],"author":[{"embeddable":true,"href":"https:\/\/ankaradokumsanayi.com\/wp-json\/wp\/v2\/users\/1"}],"replies":[{"embeddable":true,"href":"https:\/\/ankaradokumsanayi.com\/wp-json\/wp\/v2\/comments?post=2725"}],"version-history":[{"count":0,"href":"https:\/\/ankaradokumsanayi.com\/wp-json\/wp\/v2\/pages\/2725\/revisions"}],"wp:attachment":[{"href":"https:\/\/ankaradokumsanayi.com\/wp-json\/wp\/v2\/media?parent=2725"}],"curies":[{"name":"wp","href":"https:\/\/api.w.org\/{rel}","templated":true}]}}