{"id":474,"date":"2024-05-20T14:32:31","date_gmt":"2024-05-20T14:32:31","guid":{"rendered":"https:\/\/ankaradokumsanayi.com\/?page_id=474"},"modified":"2026-04-15T19:40:11","modified_gmt":"2026-04-15T19:40:11","slug":"referanslar","status":"publish","type":"page","link":"https:\/\/ankaradokumsanayi.com\/index.php\/referanslar\/","title":{"rendered":"Referanslar"},"content":{"rendered":"<style>.elementor-474 .elementor-element.elementor-element-f37182b{--display:flex;--min-height:50vh;--flex-direction:row;--container-widget-width:initial;--container-widget-height:100%;--container-widget-flex-grow:1;--container-widget-align-self:stretch;--flex-wrap-mobile:wrap;--overlay-opacity:0.5;}.elementor-474 .elementor-element.elementor-element-f37182b:not(.elementor-motion-effects-element-type-background), .elementor-474 .elementor-element.elementor-element-f37182b > .elementor-motion-effects-container > .elementor-motion-effects-layer{background-image:url(\"https:\/\/ankaradokumsanayi.com\/wp-content\/uploads\/2026\/04\/dokum-3.webp\");background-position:center center;background-size:cover;}.elementor-474 .elementor-element.elementor-element-f37182b::before, .elementor-474 .elementor-element.elementor-element-f37182b > .elementor-background-video-container::before, .elementor-474 .elementor-element.elementor-element-f37182b > .e-con-inner > .elementor-background-video-container::before, .elementor-474 .elementor-element.elementor-element-f37182b > .elementor-background-slideshow::before, .elementor-474 .elementor-element.elementor-element-f37182b > .e-con-inner > .elementor-background-slideshow::before, .elementor-474 .elementor-element.elementor-element-f37182b > .elementor-motion-effects-container > .elementor-motion-effects-layer::before{--background-overlay:'';}.elementor-474 .elementor-element.elementor-element-71286608 > .elementor-container > .elementor-column > .elementor-widget-wrap{align-content:center;align-items:center;}.elementor-474 .elementor-element.elementor-element-71286608 > .elementor-background-overlay{opacity:0.55;transition:background 0.3s, border-radius 0.3s, opacity 0.3s;}.elementor-474 .elementor-element.elementor-element-71286608{transition:background 0.3s, border 0.3s, border-radius 0.3s, box-shadow 0.3s;padding:0px 0px 0px 0px;}.elementor-474 .elementor-element.elementor-element-25c3f0d{margin:6px 0px calc(var(--kit-widget-spacing, 0px) + 0px) 0px;text-align:center;}.elementor-474 .elementor-element.elementor-element-25c3f0d .elementor-heading-title{font-family:\"Helvetica\", Sans-serif;}.elementor-474 .elementor-element.elementor-element-170b0a4{margin:0px 0px calc(var(--kit-widget-spacing, 0px) + 0px) 0px;text-align:center;font-family:\"Helvetica\", Sans-serif;}:root{--page-title-display:none;}@media(max-width:1024px){.elementor-474 .elementor-element.elementor-element-71286608{padding:100px 25px 100px 25px;}.elementor-474 .elementor-element.elementor-element-31c78eda > .elementor-element-populated{padding:0px 0px 0px 0px;}}@media(max-width:767px){.elementor-474 .elementor-element.elementor-element-f37182b{--min-height:75vh;}.elementor-474 .elementor-element.elementor-element-71286608{margin-top:-16px;margin-bottom:0px;padding:50px 20px 50px 20px;}}<\/style>\t\t<div data-elementor-type=\"wp-page\" data-elementor-id=\"474\" class=\"elementor elementor-474\">\n\t\t\t\t<div class=\"elementor-element elementor-element-f37182b e-con-full e-flex e-con e-parent\" data-id=\"f37182b\" data-element_type=\"container\" data-settings=\"{&quot;background_background&quot;:&quot;classic&quot;}\">\n\t\t\t\t<\/div>\n\t\t\t\t<section class=\"elementor-section elementor-top-section elementor-element elementor-element-71286608 elementor-section-content-middle elementor-section-full_width elementor-section-height-default elementor-section-height-default\" data-id=\"71286608\" data-element_type=\"section\" data-settings=\"{&quot;background_background&quot;:&quot;classic&quot;}\">\n\t\t\t\t\t\t\t<div class=\"elementor-background-overlay\"><\/div>\n\t\t\t\t\t\t\t<div class=\"elementor-container elementor-column-gap-no\">\n\t\t\t\t\t<div class=\"elementor-column elementor-col-100 elementor-top-column elementor-element elementor-element-31c78eda\" data-id=\"31c78eda\" data-element_type=\"column\">\n\t\t\t<div class=\"elementor-widget-wrap elementor-element-populated\">\n\t\t\t\t\t\t<div class=\"elementor-element elementor-element-25c3f0d elementor-widget elementor-widget-heading\" data-id=\"25c3f0d\" data-element_type=\"widget\" data-widget_type=\"heading.default\">\n\t\t\t\t\t<h2 class=\"elementor-heading-title elementor-size-default\">REFERANSLARIMIZ<\/h2>\t\t\t\t<\/div>\n\t\t\t\t<div class=\"elementor-element elementor-element-170b0a4 elementor-widget elementor-widget-text-editor\" data-id=\"170b0a4\" data-element_type=\"widget\" data-widget_type=\"text-editor.default\">\n\t\t\t\t\t\t\t\t\t<p>DA\u0130MA <b>MEMNUN\u0130YET<\/b>, SONSUZ G\u00dcVEN, TAM DEVAMLILIK.<\/p>\t\t\t\t\t\t\t\t<\/div>\n\t\t\t\t\t<\/div>\n\t\t<\/div>\n\t\t\t\t\t<\/div>\n\t\t<\/section>\n\t\t\t\t<\/div>\n\t\t","protected":false},"excerpt":{"rendered":"<p>REFERANSLARIMIZ DA\u0130MA MEMNUN\u0130YET, SONSUZ G\u00dcVEN, TAM DEVAMLILIK.<\/p>\n","protected":false},"author":1,"featured_media":0,"parent":0,"menu_order":0,"comment_status":"closed","ping_status":"closed","template":"elementor_header_footer","meta":{"site-sidebar-layout":"no-sidebar","site-content-layout":"","ast-site-content-layout":"full-width-container","site-content-style":"default","site-sidebar-style":"default","ast-global-header-display":"","ast-banner-title-visibility":"","ast-main-header-display":"","ast-hfb-above-header-display":"","ast-hfb-below-header-display":"","ast-hfb-mobile-header-display":"","site-post-title":"disabled","ast-breadcrumbs-content":"","ast-featured-img":"disabled","footer-sml-layout":"","ast-disable-related-posts":"","theme-transparent-header-meta":"","adv-header-id-meta":"","stick-header-meta":"","header-above-stick-meta":"","header-main-stick-meta":"","header-below-stick-meta":"","astra-migrate-meta-layouts":"default","ast-page-background-enabled":"default","ast-page-background-meta":{"desktop":{"background-color":"var(--ast-global-color-4)","background-image":"","background-repeat":"repeat","background-position":"center center","background-size":"auto","background-attachment":"scroll","background-type":"","background-media":"","overlay-type":"","overlay-color":"","overlay-opacity":"","overlay-gradient":""},"tablet":{"background-color":"","background-image":"","background-repeat":"repeat","background-position":"center center","background-size":"auto","background-attachment":"scroll","background-type":"","background-media":"","overlay-type":"","overlay-color":"","overlay-opacity":"","overlay-gradient":""},"mobile":{"background-color":"","background-image":"","background-repeat":"repeat","background-position":"center center","background-size":"auto","background-attachment":"scroll","background-type":"","background-media":"","overlay-type":"","overlay-color":"","overlay-opacity":"","overlay-gradient":""}},"ast-content-background-meta":{"desktop":{"background-color":"var(--ast-global-color-5)","background-image":"","background-repeat":"repeat","background-position":"center center","background-size":"auto","background-attachment":"scroll","background-type":"","background-media":"","overlay-type":"","overlay-color":"","overlay-opacity":"","overlay-gradient":""},"tablet":{"background-color":"var(--ast-global-color-5)","background-image":"","background-repeat":"repeat","background-position":"center center","background-size":"auto","background-attachment":"scroll","background-type":"","background-media":"","overlay-type":"","overlay-color":"","overlay-opacity":"","overlay-gradient":""},"mobile":{"background-color":"var(--ast-global-color-5)","background-image":"","background-repeat":"repeat","background-position":"center center","background-size":"auto","background-attachment":"scroll","background-type":"","background-media":"","overlay-type":"","overlay-color":"","overlay-opacity":"","overlay-gradient":""}},"footnotes":""},"class_list":["post-474","page","type-page","status-publish","hentry"],"_links":{"self":[{"href":"https:\/\/ankaradokumsanayi.com\/index.php\/wp-json\/wp\/v2\/pages\/474","targetHints":{"allow":["GET"]}}],"collection":[{"href":"https:\/\/ankaradokumsanayi.com\/index.php\/wp-json\/wp\/v2\/pages"}],"about":[{"href":"https:\/\/ankaradokumsanayi.com\/index.php\/wp-json\/wp\/v2\/types\/page"}],"author":[{"embeddable":true,"href":"https:\/\/ankaradokumsanayi.com\/index.php\/wp-json\/wp\/v2\/users\/1"}],"replies":[{"embeddable":true,"href":"https:\/\/ankaradokumsanayi.com\/index.php\/wp-json\/wp\/v2\/comments?post=474"}],"version-history":[{"count":0,"href":"https:\/\/ankaradokumsanayi.com\/index.php\/wp-json\/wp\/v2\/pages\/474\/revisions"}],"wp:attachment":[{"href":"https:\/\/ankaradokumsanayi.com\/index.php\/wp-json\/wp\/v2\/media?parent=474"}],"curies":[{"name":"wp","href":"https:\/\/api.w.org\/{rel}","templated":true}]}}